{"id":27513,"date":"2023-04-03T09:00:11","date_gmt":"2023-04-03T07:00:11","guid":{"rendered":"https:\/\/weingut-woehrle.de\/shop\/produkt\/2015er-spaetburgunder-schlossberg-spaetlese-trocken-075l-im-tonneaux-gereift\/"},"modified":"2025-10-23T12:21:31","modified_gmt":"2025-10-23T10:21:31","slug":"2015er-spaetburgunder-schlossberg-spaetlese-trocken-075l-im-tonneaux-gereift","status":"publish","type":"product","link":"https:\/\/weingut-woehrle.de\/shop\/produkt\/2015er-spaetburgunder-schlossberg-spaetlese-trocken-075l-im-tonneaux-gereift\/","title":{"rendered":"<br>2015er Sp\u00e4tburgunder Schlossberg<br>             Sp\u00e4tlese trocken,    0,75l<br>             im Tonneaux gereift<br>"},"content":{"rendered":"\n<div align=\"left\"><font size=\"-1\"><!-- IBGHTML -->Wir haben unser 2015er Sp\u00e4tburgunder Sp\u00e4tlese unfiltriert abgef\u00fcllt &#8211; bitte daher dekantieren, um das Trubdepot zu entfernen<br \/><\/font><\/div>\n<p><\/p>\n<table WIDTH=\"60%\" BORDER=\"0\" align=\"left\" CELLPADDING=\"0\" CELLSPACING=\"0\"><\/p>\n<tr><\/p>\n<td width=\"53%\"><font size=\"-1\">Artikelnummer:<\/font><\/td>\n<td width=\"47%\"><font size=\"-1\"><strong>1554<\/strong><\/font><\/td>\n<p><\/tr>\n<tr><\/p>\n<td><font size=\"-1\">Inhalt<\/font><\/td>\n<td><font size=\"-1\"><strong>0,75 Ltr.<\/strong><\/font><\/td>\n<p><\/tr>\n<tr ALIGN=\"LEFT\"><\/p>\n<td><font size=\"-1\">Preis\/Ltr.<\/font><\/td>\n<td><font size=\"-1\"><strong>24,00 EUR pro Ltr.<\/strong><\/font><\/td>\n<p><\/tr>\n<tr><\/p>\n<td><font size=\"-1\">Weinart:<\/font><\/td>\n<td><font size=\"-1\"><strong>Wei\u00dfwein<\/strong><\/font><\/td>\n<p><\/tr>\n<tr><\/p>\n<td><font size=\"-1\">Qualit&auml;tsstufe<\/font><\/td>\n<td><font size=\"-1\"><strong>Sp\u00e4tlese<\/strong><\/font><\/td>\n<p><\/tr>\n<tr><\/p>\n<td><font size=\"-1\">Rebsorte<\/font><\/td>\n<td><font size=\"-1\"><strong>Sp\u00e4tburgunder<\/strong><\/font><\/td>\n<p><\/tr>\n<tr>  <\/p>\n<td><font size=\"-1\">Restzuckergehalt<\/font><\/td>\n<p>  <\/p>\n<td><font size=\"-1\"><strong>0,1 g\/Ltr.<\/strong><\/font><\/td>\n<p><\/tr>\n<p><\/p>\n<tr><\/p>\n<td><font size=\"-1\">Alkoholgehalt<\/font><\/td>\n<td><font size=\"-1\"><strong>13,0 Vol. %<\/strong><\/font><\/td>\n<p><\/tr>\n<p><\/p>\n<tr>\n<td><font size=\"-1\">Bio:<\/font><\/td>\n<td><font size=\"-1\"><strong>JA<\/strong><\/font><\/td>\n<\/tr>\n<p><\/p>\n<tr>\n<td><font size=\"-1\">vegan:<\/font><\/td>\n<td><font size=\"-1\"><strong>JA<\/strong><\/font><\/td>\n<\/tr>\n<p><\/p>\n<tr>\n<td><font size=\"-1\">Ursprungsland:<\/font><\/td>\n<td><font size=\"-1\"><strong>D<\/strong><\/font><\/td>\n<\/tr>\n<p><\/p>\n<tr>\n<td><font size=\"-1\">enth\u00e4lt Allergene:<\/font><\/td>\n<td><font size=\"-1\"><strong>Sulfite<\/strong><\/font><\/td>\n<\/tr>\n<tr><\/p>\n<td><font size=\"-1\">S\u00e4ure:<\/font><\/td>\n<td><font size=\"-1\"><strong><\/strong><\/font><\/td>\n<p><\/tr>\n<\/table>\n<p>&nbsp;<\/p>\n<p><\/p>\n<p>&nbsp;<\/p>\n<p><\/p>\n<p>&nbsp;<\/p>\n<p><\/p>\n<p><font size=\"-1\">enth\u00e4lt Sulfite<\/font><\/p>\n","protected":false},"excerpt":{"rendered":"<p>Wir haben unser 2015er Sp\u00e4tburgunder Sp\u00e4tlese unfiltriert abgef\u00fcllt &#8211; bitte daher dekantieren, um das Trubdepot zu entfernen Artikelnummer: 1554 Inhalt 0,75 Ltr. Preis\/Ltr. 24,00 EUR pro Ltr. Weinart: Wei\u00dfwein Qualit&auml;tsstufe Sp\u00e4tlese Rebsorte Sp\u00e4tburgunder Restzuckergehalt 0,1 g\/Ltr. Alkoholgehalt 13,0 Vol. % Bio: JA vegan: JA Ursprungsland: D enth\u00e4lt Allergene: Sulfite S\u00e4ure: &nbsp; &nbsp; &nbsp; enth\u00e4lt Sulfite<\/p>\n","protected":false},"featured_media":27475,"comment_status":"open","ping_status":"closed","template":"","meta":[],"product_brand":[],"product_cat":[2601,2600],"product_tag":[],"class_list":{"0":"post-27513","1":"product","2":"type-product","3":"status-publish","4":"has-post-thumbnail","6":"product_cat-02-rotweine","7":"product_cat-spaetburgunder","9":"first","10":"instock","11":"taxable","12":"shipping-taxable","13":"purchasable","14":"product-type-simple"},"_links":{"self":[{"href":"https:\/\/weingut-woehrle.de\/shop\/wp-json\/wp\/v2\/product\/27513","targetHints":{"allow":["GET"]}}],"collection":[{"href":"https:\/\/weingut-woehrle.de\/shop\/wp-json\/wp\/v2\/product"}],"about":[{"href":"https:\/\/weingut-woehrle.de\/shop\/wp-json\/wp\/v2\/types\/product"}],"replies":[{"embeddable":true,"href":"https:\/\/weingut-woehrle.de\/shop\/wp-json\/wp\/v2\/comments?post=27513"}],"wp:featuredmedia":[{"embeddable":true,"href":"https:\/\/weingut-woehrle.de\/shop\/wp-json\/wp\/v2\/media\/27475"}],"wp:attachment":[{"href":"https:\/\/weingut-woehrle.de\/shop\/wp-json\/wp\/v2\/media?parent=27513"}],"wp:term":[{"taxonomy":"product_brand","embeddable":true,"href":"https:\/\/weingut-woehrle.de\/shop\/wp-json\/wp\/v2\/product_brand?post=27513"},{"taxonomy":"product_cat","embeddable":true,"href":"https:\/\/weingut-woehrle.de\/shop\/wp-json\/wp\/v2\/product_cat?post=27513"},{"taxonomy":"product_tag","embeddable":true,"href":"https:\/\/weingut-woehrle.de\/shop\/wp-json\/wp\/v2\/product_tag?post=27513"}],"curies":[{"name":"wp","href":"https:\/\/api.w.org\/{rel}","templated":true}]}}