{"id":27521,"date":"2023-04-03T09:00:20","date_gmt":"2023-04-03T07:00:20","guid":{"rendered":"https:\/\/weingut-woehrle.de\/shop\/produkt\/2017er-cabernet-sauvignon-trocken-bockenheimer-schlossberg-qualitaetswein-075l\/"},"modified":"2025-10-23T12:21:42","modified_gmt":"2025-10-23T10:21:42","slug":"2017er-cabernet-sauvignon-trocken-bockenheimer-schlossberg-qualitaetswein-075l","status":"publish","type":"product","link":"https:\/\/weingut-woehrle.de\/shop\/produkt\/2017er-cabernet-sauvignon-trocken-bockenheimer-schlossberg-qualitaetswein-075l\/","title":{"rendered":"<br>2017er Cabernet Sauvignon trocken<br>            Bockenheimer Schlossberg<br>            Qualit\u00e4tswein   0,75l<br>"},"content":{"rendered":"\n<div align=\"left\"><font size=\"-1\"><!-- IBGHTML -->Unser Cabernet Sauvignon pr\u00e4sentiert sich fruchtbetont mit reifem Gerbstoffger\u00fcst. Er hat eine konzentrierte, kr\u00e4ftige Nase nach schwarzen Johannisbeeren, ein wenig gr\u00fcne Paprika und feine R\u00f6staromen aus dem Eichenholz des Tonneaux. Als Begleiter zum Men\u00fc eignet sich der Cabernet Sauvignon hervorragend zu gebratenem Rind- oder Lammfleisch mit dunklen Saucen.<\/p>\n<p>Weinf\u00fcrhrer Eichelmann 2020:<br \/>&#8222;Unser Favorit ist, wie schon in den Vorjahren, der Cabernet Sauvignon, der klare Frucht von schwarzen Johannisbeeren, gr\u00fcne Paprika und dezente R\u00f6stnoten zeigt und reife Tannine besitzt.&#8220;<\/p>\n<p><\/font><\/div>\n<p><\/p>\n<table WIDTH=\"60%\" BORDER=\"0\" align=\"left\" CELLPADDING=\"0\" CELLSPACING=\"0\"><\/p>\n<tr><\/p>\n<td width=\"53%\"><font size=\"-1\">Artikelnummer:<\/font><\/td>\n<td width=\"47%\"><font size=\"-1\"><strong>1792<\/strong><\/font><\/td>\n<p><\/tr>\n<tr><\/p>\n<td><font size=\"-1\">Inhalt<\/font><\/td>\n<td><font size=\"-1\"><strong>0,75 Ltr.<\/strong><\/font><\/td>\n<p><\/tr>\n<tr ALIGN=\"LEFT\"><\/p>\n<td><font size=\"-1\">Preis\/Ltr.<\/font><\/td>\n<td><font size=\"-1\"><strong>26,00 EUR pro Ltr.<\/strong><\/font><\/td>\n<p><\/tr>\n<tr><\/p>\n<td><font size=\"-1\">Weinart:<\/font><\/td>\n<td><font size=\"-1\"><strong>Rotwein<\/strong><\/font><\/td>\n<p><\/tr>\n<tr><\/p>\n<td><font size=\"-1\">Qualit&auml;tsstufe<\/font><\/td>\n<td><font size=\"-1\"><strong>Qualit\u00e4tswein<\/strong><\/font><\/td>\n<p><\/tr>\n<tr><\/p>\n<td><font size=\"-1\">Rebsorte<\/font><\/td>\n<td><font size=\"-1\"><strong>Cabernet Sauvignon<\/strong><\/font><\/td>\n<p><\/tr>\n<tr>  <\/p>\n<td><font size=\"-1\">Restzuckergehalt<\/font><\/td>\n<p>  <\/p>\n<td><font size=\"-1\"><strong>0,1 g\/Ltr.<\/strong><\/font><\/td>\n<p><\/tr>\n<p><\/p>\n<tr><\/p>\n<td><font size=\"-1\">Alkoholgehalt<\/font><\/td>\n<td><font size=\"-1\"><strong>13,5 Vol. %<\/strong><\/font><\/td>\n<p><\/tr>\n<p><\/p>\n<tr>\n<td><font size=\"-1\">Bio:<\/font><\/td>\n<td><font size=\"-1\"><strong>JA<\/strong><\/font><\/td>\n<\/tr>\n<p><\/p>\n<tr>\n<td><font size=\"-1\">vegan:<\/font><\/td>\n<td><font size=\"-1\"><strong>JA<\/strong><\/font><\/td>\n<\/tr>\n<p><\/p>\n<tr>\n<td><font size=\"-1\">Ursprungsland:<\/font><\/td>\n<td><font size=\"-1\"><strong>deutsche Landwirtschaft DE-\u00d6KO-039<\/strong><\/font><\/td>\n<\/tr>\n<p><\/p>\n<tr>\n<td><font size=\"-1\">enth\u00e4lt Allergene:<\/font><\/td>\n<td><font size=\"-1\"><strong>Sulfite<\/strong><\/font><\/td>\n<\/tr>\n<tr><\/p>\n<td><font size=\"-1\">S\u00e4ure:<\/font><\/td>\n<td><font size=\"-1\"><strong><\/strong><\/font><\/td>\n<p><\/tr>\n<\/table>\n<p>&nbsp;<\/p>\n<p><\/p>\n<p>&nbsp;<\/p>\n<p><\/p>\n<p>&nbsp;<\/p>\n<p><\/p>\n<p><font size=\"-1\">enth\u00e4lt Sulfite<\/font><\/p>\n","protected":false},"excerpt":{"rendered":"<p>Unser Cabernet Sauvignon pr\u00e4sentiert sich fruchtbetont mit reifem Gerbstoffger\u00fcst. Er hat eine konzentrierte, kr\u00e4ftige Nase nach schwarzen Johannisbeeren, ein wenig gr\u00fcne Paprika und feine R\u00f6staromen aus dem Eichenholz des Tonneaux. Als Begleiter zum Men\u00fc eignet sich der Cabernet Sauvignon hervorragend zu gebratenem Rind- oder Lammfleisch mit dunklen Saucen. Weinf\u00fcrhrer Eichelmann 2020:&#8222;Unser Favorit ist, wie schon [&hellip;]<\/p>\n","protected":false},"featured_media":27483,"comment_status":"open","ping_status":"closed","template":"","meta":[],"product_brand":[],"product_cat":[2601,2602],"product_tag":[],"class_list":{"0":"post-27521","1":"product","2":"type-product","3":"status-publish","4":"has-post-thumbnail","6":"product_cat-02-rotweine","7":"product_cat-cabernet-sauvignon","9":"first","10":"instock","11":"taxable","12":"shipping-taxable","13":"purchasable","14":"product-type-simple"},"_links":{"self":[{"href":"https:\/\/weingut-woehrle.de\/shop\/wp-json\/wp\/v2\/product\/27521","targetHints":{"allow":["GET"]}}],"collection":[{"href":"https:\/\/weingut-woehrle.de\/shop\/wp-json\/wp\/v2\/product"}],"about":[{"href":"https:\/\/weingut-woehrle.de\/shop\/wp-json\/wp\/v2\/types\/product"}],"replies":[{"embeddable":true,"href":"https:\/\/weingut-woehrle.de\/shop\/wp-json\/wp\/v2\/comments?post=27521"}],"wp:featuredmedia":[{"embeddable":true,"href":"https:\/\/weingut-woehrle.de\/shop\/wp-json\/wp\/v2\/media\/27483"}],"wp:attachment":[{"href":"https:\/\/weingut-woehrle.de\/shop\/wp-json\/wp\/v2\/media?parent=27521"}],"wp:term":[{"taxonomy":"product_brand","embeddable":true,"href":"https:\/\/weingut-woehrle.de\/shop\/wp-json\/wp\/v2\/product_brand?post=27521"},{"taxonomy":"product_cat","embeddable":true,"href":"https:\/\/weingut-woehrle.de\/shop\/wp-json\/wp\/v2\/product_cat?post=27521"},{"taxonomy":"product_tag","embeddable":true,"href":"https:\/\/weingut-woehrle.de\/shop\/wp-json\/wp\/v2\/product_tag?post=27521"}],"curies":[{"name":"wp","href":"https:\/\/api.w.org\/{rel}","templated":true}]}}