{"id":27533,"date":"2023-04-03T09:00:34","date_gmt":"2023-04-03T07:00:34","guid":{"rendered":"https:\/\/weingut-woehrle.de\/shop\/produkt\/2019er-cabernet-sauvignon-trocken-bockenheimer-schlossberg-qualitaetswein-075l\/"},"modified":"2025-10-23T12:21:54","modified_gmt":"2025-10-23T10:21:54","slug":"2019er-cabernet-sauvignon-trocken-bockenheimer-schlossberg-qualitaetswein-075l","status":"publish","type":"product","link":"https:\/\/weingut-woehrle.de\/shop\/produkt\/2019er-cabernet-sauvignon-trocken-bockenheimer-schlossberg-qualitaetswein-075l\/","title":{"rendered":"<br>2019er Cabernet Sauvignon trocken<br>            Bockenheimer Schlossberg<br>            Qualit\u00e4tswein   0,75l<br>"},"content":{"rendered":"\n<div align=\"left\"><font size=\"-1\"><br \/><\/font><\/div>\n<p><\/p>\n<table WIDTH=\"60%\" BORDER=\"0\" align=\"left\" CELLPADDING=\"0\" CELLSPACING=\"0\"><\/p>\n<tr><\/p>\n<td width=\"53%\"><font size=\"-1\">Artikelnummer:<\/font><\/td>\n<td width=\"47%\"><font size=\"-1\"><strong>1992<\/strong><\/font><\/td>\n<p><\/tr>\n<tr><\/p>\n<td><font size=\"-1\">Inhalt<\/font><\/td>\n<td><font size=\"-1\"><strong>0,75 Ltr.<\/strong><\/font><\/td>\n<p><\/tr>\n<tr ALIGN=\"LEFT\"><\/p>\n<td><font size=\"-1\">Preis\/Ltr.<\/font><\/td>\n<td><font size=\"-1\"><strong>26,00 EUR pro Ltr.<\/strong><\/font><\/td>\n<p><\/tr>\n<tr><\/p>\n<td><font size=\"-1\">Weinart:<\/font><\/td>\n<td><font size=\"-1\"><strong>Rotwein<\/strong><\/font><\/td>\n<p><\/tr>\n<tr><\/p>\n<td><font size=\"-1\">Qualit&auml;tsstufe<\/font><\/td>\n<td><font size=\"-1\"><strong>Qualit\u00e4tswein<\/strong><\/font><\/td>\n<p><\/tr>\n<tr><\/p>\n<td><font size=\"-1\">Rebsorte<\/font><\/td>\n<td><font size=\"-1\"><strong>Cabernet Sauvignon<\/strong><\/font><\/td>\n<p><\/tr>\n<tr>  <\/p>\n<td><font size=\"-1\">Restzuckergehalt<\/font><\/td>\n<p>  <\/p>\n<td><font size=\"-1\"><strong>0,2 g\/Ltr.<\/strong><\/font><\/td>\n<p><\/tr>\n<p><\/p>\n<tr><\/p>\n<td><font size=\"-1\">Alkoholgehalt<\/font><\/td>\n<td><font size=\"-1\"><strong>14,0 Vol. %<\/strong><\/font><\/td>\n<p><\/tr>\n<p><\/p>\n<tr>\n<td><font size=\"-1\">Bio:<\/font><\/td>\n<td><font size=\"-1\"><strong>JA<\/strong><\/font><\/td>\n<\/tr>\n<p><\/p>\n<tr>\n<td><font size=\"-1\">vegan:<\/font><\/td>\n<td><font size=\"-1\"><strong>JA<\/strong><\/font><\/td>\n<\/tr>\n<p><\/p>\n<tr>\n<td><font size=\"-1\">Ursprungsland:<\/font><\/td>\n<td><font size=\"-1\"><strong>DE-\u00d6KO-039 deutsche Landwirtschaft<\/strong><\/font><\/td>\n<\/tr>\n<p><\/p>\n<tr>\n<td><font size=\"-1\">enth\u00e4lt Allergene:<\/font><\/td>\n<td><font size=\"-1\"><strong>Sulfite<\/strong><\/font><\/td>\n<\/tr>\n<tr><\/p>\n<td><font size=\"-1\">S\u00e4ure:<\/font><\/td>\n<td><font size=\"-1\"><strong><\/strong><\/font><\/td>\n<p><\/tr>\n<\/table>\n<p>&nbsp;<\/p>\n<p><\/p>\n<p>&nbsp;<\/p>\n<p><\/p>\n<p>&nbsp;<\/p>\n<p><\/p>\n<p><font size=\"-1\">enth\u00e4lt Sulfite<\/font><\/p>\n","protected":false},"excerpt":{"rendered":"<p>Artikelnummer: 1992 Inhalt 0,75 Ltr. Preis\/Ltr. 26,00 EUR pro Ltr. Weinart: Rotwein Qualit&auml;tsstufe Qualit\u00e4tswein Rebsorte Cabernet Sauvignon Restzuckergehalt 0,2 g\/Ltr. Alkoholgehalt 14,0 Vol. % Bio: JA vegan: JA Ursprungsland: DE-\u00d6KO-039 deutsche Landwirtschaft enth\u00e4lt Allergene: Sulfite S\u00e4ure: &nbsp; &nbsp; &nbsp; enth\u00e4lt Sulfite<\/p>\n","protected":false},"featured_media":27483,"comment_status":"open","ping_status":"closed","template":"","meta":[],"product_brand":[],"product_cat":[2601,2602],"product_tag":[],"class_list":{"0":"post-27533","1":"product","2":"type-product","3":"status-publish","4":"has-post-thumbnail","6":"product_cat-02-rotweine","7":"product_cat-cabernet-sauvignon","9":"first","10":"instock","11":"taxable","12":"shipping-taxable","13":"purchasable","14":"product-type-simple"},"_links":{"self":[{"href":"https:\/\/weingut-woehrle.de\/shop\/wp-json\/wp\/v2\/product\/27533","targetHints":{"allow":["GET"]}}],"collection":[{"href":"https:\/\/weingut-woehrle.de\/shop\/wp-json\/wp\/v2\/product"}],"about":[{"href":"https:\/\/weingut-woehrle.de\/shop\/wp-json\/wp\/v2\/types\/product"}],"replies":[{"embeddable":true,"href":"https:\/\/weingut-woehrle.de\/shop\/wp-json\/wp\/v2\/comments?post=27533"}],"wp:featuredmedia":[{"embeddable":true,"href":"https:\/\/weingut-woehrle.de\/shop\/wp-json\/wp\/v2\/media\/27483"}],"wp:attachment":[{"href":"https:\/\/weingut-woehrle.de\/shop\/wp-json\/wp\/v2\/media?parent=27533"}],"wp:term":[{"taxonomy":"product_brand","embeddable":true,"href":"https:\/\/weingut-woehrle.de\/shop\/wp-json\/wp\/v2\/product_brand?post=27533"},{"taxonomy":"product_cat","embeddable":true,"href":"https:\/\/weingut-woehrle.de\/shop\/wp-json\/wp\/v2\/product_cat?post=27533"},{"taxonomy":"product_tag","embeddable":true,"href":"https:\/\/weingut-woehrle.de\/shop\/wp-json\/wp\/v2\/product_tag?post=27533"}],"curies":[{"name":"wp","href":"https:\/\/api.w.org\/{rel}","templated":true}]}}