{"id":27582,"date":"2023-04-03T09:01:30","date_gmt":"2023-04-03T07:01:30","guid":{"rendered":"https:\/\/weingut-woehrle.de\/shop\/produkt\/2018er-riesling-alte-reben-bockenheimer-vogelsang-spaetlese-feinherb-075l\/"},"modified":"2026-04-21T13:21:03","modified_gmt":"2026-04-21T11:21:03","slug":"2018er-riesling-alte-reben-bockenheimer-vogelsang-spaetlese-feinherb-075l","status":"publish","type":"product","link":"https:\/\/weingut-woehrle.de\/shop\/produkt\/2018er-riesling-alte-reben-bockenheimer-vogelsang-spaetlese-feinherb-075l\/","title":{"rendered":"<br>2018er Riesling Alte Reben<br>            Bockenheimer Vogelsang Sp\u00e4tlese feinherb<br>            0,75l<br>"},"content":{"rendered":"\n<div align=\"left\"><font size=\"-1\"><!-- IBGHTML -->Unser Riesling Alte Reben stammt aus einem nun 55 Jahre alten Weinberg \u2013 &#8218;Kerzenst\u00fcmmel\u201c in der Lage Vogelsang, strenge Selektion und geringe Ertr\u00e4ge sind die Voraussetzung f\u00fcr diesen Wein.<br \/>Im Glas eine herrlich saftige Nase von Zitrus- und Apfelaromen. Konzentriert und kr\u00e4ftig am Gaumen untermalt durch feine Rests\u00fc\u00dfe, mit einem eleganten Nachhall im Abgang.  <\/p>\n<p>Weinf\u00fcrhrer Eichelmann 2020:<br \/>&#8222;der halbtrockene 2018er Riesling von alten Reben zeigt ebenfalls deutliche Zitrusnoten, ist ganz fruchtbetont und besitzt ein ausgewogenes S\u00fc\u00dfe-S\u00e4ure-Spiel&#8220;<br \/><\/font><\/div>\n<p><\/p>\n<table WIDTH=\"60%\" BORDER=\"0\" align=\"left\" CELLPADDING=\"0\" CELLSPACING=\"0\"><\/p>\n<tr><\/p>\n<td width=\"53%\"><font size=\"-1\">Artikelnummer:<\/font><\/td>\n<td width=\"47%\"><font size=\"-1\"><strong>1817<\/strong><\/font><\/td>\n<p><\/tr>\n<tr><\/p>\n<td><font size=\"-1\">Inhalt<\/font><\/td>\n<td><font size=\"-1\"><strong>0,75 Ltr.<\/strong><\/font><\/td>\n<p><\/tr>\n<tr ALIGN=\"LEFT\"><\/p>\n<td><font size=\"-1\">Preis\/Ltr.<\/font><\/td>\n<td><font size=\"-1\"><strong>20,00 EUR pro Ltr.<\/strong><\/font><\/td>\n<p><\/tr>\n<tr><\/p>\n<td><font size=\"-1\">Weinart:<\/font><\/td>\n<td><font size=\"-1\"><strong>Wei\u00dfwein<\/strong><\/font><\/td>\n<p><\/tr>\n<tr><\/p>\n<td><font size=\"-1\">Qualit&auml;tsstufe<\/font><\/td>\n<td><font size=\"-1\"><strong>Sp\u00e4tlese<\/strong><\/font><\/td>\n<p><\/tr>\n<tr><\/p>\n<td><font size=\"-1\">Rebsorte<\/font><\/td>\n<td><font size=\"-1\"><strong>Riesling<\/strong><\/font><\/td>\n<p><\/tr>\n<tr>  <\/p>\n<td><font size=\"-1\">Restzuckergehalt<\/font><\/td>\n<p>  <\/p>\n<td><font size=\"-1\"><strong>14,6 g\/Ltr.<\/strong><\/font><\/td>\n<p><\/tr>\n<p><\/p>\n<tr><\/p>\n<td><font size=\"-1\">Alkoholgehalt<\/font><\/td>\n<td><font size=\"-1\"><strong>13,0 Vol. %<\/strong><\/font><\/td>\n<p><\/tr>\n<p><\/p>\n<tr>\n<td><font size=\"-1\">Bio:<\/font><\/td>\n<td><font size=\"-1\"><strong>JA<\/strong><\/font><\/td>\n<\/tr>\n<p><\/p>\n<tr>\n<td><font size=\"-1\">vegan:<\/font><\/td>\n<td><font size=\"-1\"><strong>JA<\/strong><\/font><\/td>\n<\/tr>\n<p><\/p>\n<tr>\n<td><font size=\"-1\">Ursprungsland:<\/font><\/td>\n<td><font size=\"-1\"><strong>deutsche Landwirtschaft DE-\u00d6KO-039<\/strong><\/font><\/td>\n<\/tr>\n<p><\/p>\n<tr>\n<td><font size=\"-1\">enth\u00e4lt Allergene:<\/font><\/td>\n<td><font size=\"-1\"><strong>Sulfite<\/strong><\/font><\/td>\n<\/tr>\n<tr><\/p>\n<td><font size=\"-1\">S\u00e4ure:<\/font><\/td>\n<td><font size=\"-1\"><strong><\/strong><\/font><\/td>\n<p><\/tr>\n<\/table>\n<p>&nbsp;<\/p>\n<p><\/p>\n<p>&nbsp;<\/p>\n<p><\/p>\n<p>&nbsp;<\/p>\n<p><\/p>\n<p><font size=\"-1\">enth\u00e4lt Sulfite<\/font><\/p>\n","protected":false},"excerpt":{"rendered":"<p>Unser Riesling Alte Reben stammt aus einem nun 55 Jahre alten Weinberg \u2013 &#8218;Kerzenst\u00fcmmel\u201c in der Lage Vogelsang, strenge Selektion und geringe Ertr\u00e4ge sind die Voraussetzung f\u00fcr diesen Wein.Im Glas eine herrlich saftige Nase von Zitrus- und Apfelaromen. Konzentriert und kr\u00e4ftig am Gaumen untermalt durch feine Rests\u00fc\u00dfe, mit einem eleganten Nachhall im Abgang. Weinf\u00fcrhrer Eichelmann [&hellip;]<\/p>\n","protected":false},"featured_media":27488,"comment_status":"open","ping_status":"closed","template":"","meta":[],"product_brand":[],"product_cat":[2605,2609],"product_tag":[],"class_list":{"0":"post-27582","1":"product","2":"type-product","3":"status-publish","4":"has-post-thumbnail","6":"product_cat-01-weissweine","7":"product_cat-riesling","9":"first","10":"instock","11":"taxable","12":"shipping-taxable","13":"purchasable","14":"product-type-simple"},"_links":{"self":[{"href":"https:\/\/weingut-woehrle.de\/shop\/wp-json\/wp\/v2\/product\/27582","targetHints":{"allow":["GET"]}}],"collection":[{"href":"https:\/\/weingut-woehrle.de\/shop\/wp-json\/wp\/v2\/product"}],"about":[{"href":"https:\/\/weingut-woehrle.de\/shop\/wp-json\/wp\/v2\/types\/product"}],"replies":[{"embeddable":true,"href":"https:\/\/weingut-woehrle.de\/shop\/wp-json\/wp\/v2\/comments?post=27582"}],"wp:featuredmedia":[{"embeddable":true,"href":"https:\/\/weingut-woehrle.de\/shop\/wp-json\/wp\/v2\/media\/27488"}],"wp:attachment":[{"href":"https:\/\/weingut-woehrle.de\/shop\/wp-json\/wp\/v2\/media?parent=27582"}],"wp:term":[{"taxonomy":"product_brand","embeddable":true,"href":"https:\/\/weingut-woehrle.de\/shop\/wp-json\/wp\/v2\/product_brand?post=27582"},{"taxonomy":"product_cat","embeddable":true,"href":"https:\/\/weingut-woehrle.de\/shop\/wp-json\/wp\/v2\/product_cat?post=27582"},{"taxonomy":"product_tag","embeddable":true,"href":"https:\/\/weingut-woehrle.de\/shop\/wp-json\/wp\/v2\/product_tag?post=27582"}],"curies":[{"name":"wp","href":"https:\/\/api.w.org\/{rel}","templated":true}]}}