{"id":27702,"date":"2023-07-04T11:31:02","date_gmt":"2023-07-04T09:31:02","guid":{"rendered":"https:\/\/weingut-woehrle.de\/shop\/produkt\/2012er-spaetburgunder-bockenheimer-schlossberg-spaetlese-trocken-075l\/"},"modified":"2025-10-23T12:21:29","modified_gmt":"2025-10-23T10:21:29","slug":"2012er-spaetburgunder-bockenheimer-schlossberg-spaetlese-trocken-075l","status":"publish","type":"product","link":"https:\/\/weingut-woehrle.de\/shop\/produkt\/2012er-spaetburgunder-bockenheimer-schlossberg-spaetlese-trocken-075l\/","title":{"rendered":"<br>2012er Sp\u00e4tburgunder Bockenheimer Schlossberg Sp\u00e4tlese  trocken 0,75l<br>"},"content":{"rendered":"\n<div align=\"left\"><font size=\"-1\"><br \/><!-- IBGHTML --><P>Wein<BR>Vollmundige, samtige Sp\u00e4tburgunder Sp\u00e4tlese mit einem fruchtigen Geschmack an Amarenakirschen erinnernd mit einer Nuance von Mandel und Walnuss. Ein Jahr Reife in einem neuen 500l gro\u00dfen Holzfass haben die Gerbstoffe zu einem feinen Ger\u00fcst reifen lassen. Trinktemp.: 18-19\u00b0C<\/P><br \/><P>Trinkempfehlung<BR>Gereifter K\u00e4se oder dunkles Fleisch (Rindfleisch oder Wild z.B. Wildschwein, Reh)<\/P><br \/><P>Lage<BR>Bockenheimer Schlo\u00dfberg: der Schlo\u00dfberg befindet sich am Fu\u00dfe der heute noch erhaltenen Schlo\u00dfmauer. Es ist eine warme nach S\u00fcden ausgerichtete Lage mit leicht erw\u00e4rmbaren B\u00f6den, somit eine ideale Rotweinlage.<BR><!-- IBGHTML --><\/P><br \/><\/font><\/div>\n<p><\/p>\n<table WIDTH=\"60%\" BORDER=\"0\" align=\"left\" CELLPADDING=\"0\" CELLSPACING=\"0\"><\/p>\n<tr><\/p>\n<td width=\"53%\"><font size=\"-1\">Artikelnummer:<\/font><\/td>\n<td width=\"47%\"><font size=\"-1\"><strong>1254<\/strong><\/font><\/td>\n<p><\/tr>\n<tr><\/p>\n<td><font size=\"-1\">Inhalt<\/font><\/td>\n<td><font size=\"-1\"><strong>0,75 Ltr.<\/strong><\/font><\/td>\n<p><\/tr>\n<tr ALIGN=\"LEFT\"><\/p>\n<td><font size=\"-1\">Preis\/Ltr.<\/font><\/td>\n<td><font size=\"-1\"><strong>32,00 EUR pro Ltr.<\/strong><\/font><\/td>\n<p><\/tr>\n<tr><\/p>\n<td><font size=\"-1\">Weinart:<\/font><\/td>\n<td><font size=\"-1\"><strong>Rotwein<\/strong><\/font><\/td>\n<p><\/tr>\n<tr><\/p>\n<td><font size=\"-1\">Qualit&auml;tsstufe<\/font><\/td>\n<td><font size=\"-1\"><strong>Sp\u00e4tlese<\/strong><\/font><\/td>\n<p><\/tr>\n<tr><\/p>\n<td><font size=\"-1\">Rebsorte<\/font><\/td>\n<td><font size=\"-1\"><strong>Sp\u00e4tburgunder<\/strong><\/font><\/td>\n<p><\/tr>\n<tr>  <\/p>\n<td><font size=\"-1\">Restzuckergehalt<\/font><\/td>\n<p>  <\/p>\n<td><font size=\"-1\"><strong>0,2 g\/Ltr.<\/strong><\/font><\/td>\n<p><\/tr>\n<p><\/p>\n<tr><\/p>\n<td><font size=\"-1\">Alkoholgehalt<\/font><\/td>\n<td><font size=\"-1\"><strong>13,5 Vol. %<\/strong><\/font><\/td>\n<p><\/tr>\n<p><\/p>\n<tr>\n<td><font size=\"-1\">Bio:<\/font><\/td>\n<td><font size=\"-1\"><strong>JA<\/strong><\/font><\/td>\n<\/tr>\n<p><\/p>\n<tr>\n<td><font size=\"-1\">vegan:<\/font><\/td>\n<td><font size=\"-1\"><strong>JA<\/strong><\/font><\/td>\n<\/tr>\n<p><\/p>\n<tr>\n<td><font size=\"-1\">Ursprungsland:<\/font><\/td>\n<td><font size=\"-1\"><strong>Deutschland<\/strong><\/font><\/td>\n<\/tr>\n<p><\/p>\n<tr>\n<td><font size=\"-1\">enth\u00e4lt Allergene:<\/font><\/td>\n<td><font size=\"-1\"><strong>Sulfite<\/strong><\/font><\/td>\n<\/tr>\n<tr><\/p>\n<td><font size=\"-1\">S\u00e4ure:<\/font><\/td>\n<td><font size=\"-1\"><strong>4,8 g\/Ltr.<\/strong><\/font><\/td>\n<p><\/tr>\n<\/table>\n<p>&nbsp;<\/p>\n<p><\/p>\n<p>&nbsp;<\/p>\n<p><\/p>\n<p>&nbsp;<\/p>\n<p><\/p>\n<p><font size=\"-1\">enth\u00e4lt Sulfite<\/font><\/p>\n","protected":false},"excerpt":{"rendered":"<p>WeinVollmundige, samtige Sp\u00e4tburgunder Sp\u00e4tlese mit einem fruchtigen Geschmack an Amarenakirschen erinnernd mit einer Nuance von Mandel und Walnuss. Ein Jahr Reife in einem neuen 500l gro\u00dfen Holzfass haben die Gerbstoffe zu einem feinen Ger\u00fcst reifen lassen. Trinktemp.: 18-19\u00b0CTrinkempfehlungGereifter K\u00e4se oder dunkles Fleisch (Rindfleisch oder Wild z.B. Wildschwein, Reh)LageBockenheimer Schlo\u00dfberg: der Schlo\u00dfberg befindet sich am Fu\u00dfe [&hellip;]<\/p>\n","protected":false},"featured_media":27502,"comment_status":"open","ping_status":"closed","template":"","meta":[],"product_brand":[],"product_cat":[2601,2600],"product_tag":[],"class_list":{"0":"post-27702","1":"product","2":"type-product","3":"status-publish","4":"has-post-thumbnail","6":"product_cat-02-rotweine","7":"product_cat-spaetburgunder","9":"first","10":"instock","11":"taxable","12":"shipping-taxable","13":"purchasable","14":"product-type-simple"},"_links":{"self":[{"href":"https:\/\/weingut-woehrle.de\/shop\/wp-json\/wp\/v2\/product\/27702","targetHints":{"allow":["GET"]}}],"collection":[{"href":"https:\/\/weingut-woehrle.de\/shop\/wp-json\/wp\/v2\/product"}],"about":[{"href":"https:\/\/weingut-woehrle.de\/shop\/wp-json\/wp\/v2\/types\/product"}],"replies":[{"embeddable":true,"href":"https:\/\/weingut-woehrle.de\/shop\/wp-json\/wp\/v2\/comments?post=27702"}],"wp:featuredmedia":[{"embeddable":true,"href":"https:\/\/weingut-woehrle.de\/shop\/wp-json\/wp\/v2\/media\/27502"}],"wp:attachment":[{"href":"https:\/\/weingut-woehrle.de\/shop\/wp-json\/wp\/v2\/media?parent=27702"}],"wp:term":[{"taxonomy":"product_brand","embeddable":true,"href":"https:\/\/weingut-woehrle.de\/shop\/wp-json\/wp\/v2\/product_brand?post=27702"},{"taxonomy":"product_cat","embeddable":true,"href":"https:\/\/weingut-woehrle.de\/shop\/wp-json\/wp\/v2\/product_cat?post=27702"},{"taxonomy":"product_tag","embeddable":true,"href":"https:\/\/weingut-woehrle.de\/shop\/wp-json\/wp\/v2\/product_tag?post=27702"}],"curies":[{"name":"wp","href":"https:\/\/api.w.org\/{rel}","templated":true}]}}