{"id":28141,"date":"2024-11-26T16:40:05","date_gmt":"2024-11-26T15:40:05","guid":{"rendered":"https:\/\/weingut-woehrle.de\/shop\/produkt\/2023er-cabernet-blanc-bockenheimer-qualitaetswein-trocken-075l\/"},"modified":"2026-04-21T10:44:07","modified_gmt":"2026-04-21T08:44:07","slug":"2023er-cabernet-blanc-bockenheimer-qualitaetswein-trocken-075l","status":"publish","type":"product","link":"https:\/\/weingut-woehrle.de\/shop\/produkt\/2023er-cabernet-blanc-bockenheimer-qualitaetswein-trocken-075l\/","title":{"rendered":"<br>2023er Cabernet blanc Bockenheimer Qualit\u00e4tswein  trocken 0,75l<br>"},"content":{"rendered":"\n<div align=\"left\"><font size=\"-1\"><!-- IBGHTML --><\/p>\n<p>Stachelbeere, Ananas und gr\u00fcne Paprika diese Aromen pr\u00e4gen unsern Cabernet blanc<\/p>\n<p><\/font><\/div>\n<p><\/p>\n<table WIDTH=\"60%\" BORDER=\"0\" align=\"left\" CELLPADDING=\"0\" CELLSPACING=\"0\"><\/p>\n<tr><\/p>\n<td width=\"53%\"><font size=\"-1\">Artikelnummer:<\/font><\/td>\n<td width=\"47%\"><font size=\"-1\"><strong>2335<\/strong><\/font><\/td>\n<p><\/tr>\n<tr><\/p>\n<td><font size=\"-1\">Inhalt<\/font><\/td>\n<td><font size=\"-1\"><strong>0,75 Ltr.<\/strong><\/font><\/td>\n<p><\/tr>\n<tr ALIGN=\"LEFT\"><\/p>\n<td><font size=\"-1\">Preis\/Ltr.<\/font><\/td>\n<td><font size=\"-1\"><strong>10,67 EUR pro Ltr.<\/strong><\/font><\/td>\n<p><\/tr>\n<tr><\/p>\n<td><font size=\"-1\">Weinart:<\/font><\/td>\n<td><font size=\"-1\"><strong>Wei\u00dfwein<\/strong><\/font><\/td>\n<p><\/tr>\n<tr><\/p>\n<td><font size=\"-1\">Qualit&auml;tsstufe<\/font><\/td>\n<td><font size=\"-1\"><strong>Qualit\u00e4tswein<\/strong><\/font><\/td>\n<p><\/tr>\n<tr><\/p>\n<td><font size=\"-1\">Rebsorte<\/font><\/td>\n<td><font size=\"-1\"><strong>Cabernet blanc<\/strong><\/font><\/td>\n<p><\/tr>\n<tr>  <\/p>\n<td><font size=\"-1\">Restzuckergehalt<\/font><\/td>\n<p>  <\/p>\n<td><font size=\"-1\"><strong>1,1 g\/Ltr.<\/strong><\/font><\/td>\n<p><\/tr>\n<p><\/p>\n<tr><\/p>\n<td><font size=\"-1\">Alkoholgehalt<\/font><\/td>\n<td><font size=\"-1\"><strong>13,0 Vol. %<\/strong><\/font><\/td>\n<p><\/tr>\n<p><\/p>\n<tr>\n<td><font size=\"-1\">Bio:<\/font><\/td>\n<td><font size=\"-1\"><strong>JA<\/strong><\/font><\/td>\n<\/tr>\n<p><\/p>\n<tr>\n<td><font size=\"-1\">vegan:<\/font><\/td>\n<td><font size=\"-1\"><strong>JA<\/strong><\/font><\/td>\n<\/tr>\n<p><\/p>\n<tr>\n<td><font size=\"-1\">Ursprungsland:<\/font><\/td>\n<td><font size=\"-1\"><strong>deutsche Landwirtschft DE-\u00d6KO-039<\/strong><\/font><\/td>\n<\/tr>\n<p><\/p>\n<tr>\n<td><font size=\"-1\">enth\u00e4lt Allergene:<\/font><\/td>\n<td><font size=\"-1\"><strong>Sulfite<\/strong><\/font><\/td>\n<\/tr>\n<tr><\/p>\n<td><font size=\"-1\">S\u00e4ure:<\/font><\/td>\n<td><font size=\"-1\"><strong><\/strong><\/font><\/td>\n<p><\/tr>\n<\/table>\n<p>&nbsp;<\/p>\n<p><\/p>\n<p>&nbsp;<\/p>\n<p><\/p>\n<p>&nbsp;<\/p>\n<p><\/p>\n<p><font size=\"-1\">enth\u00e4lt Sulfite<\/font><\/p>\n","protected":false},"excerpt":{"rendered":"<p>Stachelbeere, Ananas und gr\u00fcne Paprika diese Aromen pr\u00e4gen unsern Cabernet blanc Artikelnummer: 2335 Inhalt 0,75 Ltr. Preis\/Ltr. 10,67 EUR pro Ltr. Weinart: Wei\u00dfwein Qualit&auml;tsstufe Qualit\u00e4tswein Rebsorte Cabernet blanc Restzuckergehalt 1,1 g\/Ltr. Alkoholgehalt 13,0 Vol. % Bio: JA vegan: JA Ursprungsland: deutsche Landwirtschft DE-\u00d6KO-039 enth\u00e4lt Allergene: Sulfite S\u00e4ure: &nbsp; &nbsp; &nbsp; enth\u00e4lt Sulfite<\/p>\n","protected":false},"featured_media":27492,"comment_status":"open","ping_status":"closed","template":"","meta":[],"product_brand":[],"product_cat":[2605,2611],"product_tag":[],"class_list":{"0":"post-28141","1":"product","2":"type-product","3":"status-publish","4":"has-post-thumbnail","6":"product_cat-01-weissweine","7":"product_cat-cabernet-blanc","9":"first","10":"instock","11":"taxable","12":"shipping-taxable","13":"purchasable","14":"product-type-simple"},"_links":{"self":[{"href":"https:\/\/weingut-woehrle.de\/shop\/wp-json\/wp\/v2\/product\/28141","targetHints":{"allow":["GET"]}}],"collection":[{"href":"https:\/\/weingut-woehrle.de\/shop\/wp-json\/wp\/v2\/product"}],"about":[{"href":"https:\/\/weingut-woehrle.de\/shop\/wp-json\/wp\/v2\/types\/product"}],"replies":[{"embeddable":true,"href":"https:\/\/weingut-woehrle.de\/shop\/wp-json\/wp\/v2\/comments?post=28141"}],"wp:featuredmedia":[{"embeddable":true,"href":"https:\/\/weingut-woehrle.de\/shop\/wp-json\/wp\/v2\/media\/27492"}],"wp:attachment":[{"href":"https:\/\/weingut-woehrle.de\/shop\/wp-json\/wp\/v2\/media?parent=28141"}],"wp:term":[{"taxonomy":"product_brand","embeddable":true,"href":"https:\/\/weingut-woehrle.de\/shop\/wp-json\/wp\/v2\/product_brand?post=28141"},{"taxonomy":"product_cat","embeddable":true,"href":"https:\/\/weingut-woehrle.de\/shop\/wp-json\/wp\/v2\/product_cat?post=28141"},{"taxonomy":"product_tag","embeddable":true,"href":"https:\/\/weingut-woehrle.de\/shop\/wp-json\/wp\/v2\/product_tag?post=28141"}],"curies":[{"name":"wp","href":"https:\/\/api.w.org\/{rel}","templated":true}]}}