{"id":28489,"date":"2026-04-21T10:44:12","date_gmt":"2026-04-21T08:44:12","guid":{"rendered":"https:\/\/weingut-woehrle.de\/shop\/produkt\/2023er-cuvee-oekonomierat-rupprecht-trocken-bockenheimer-qualitaetswein-075l\/"},"modified":"2026-04-21T13:20:12","modified_gmt":"2026-04-21T11:20:12","slug":"2023er-cuvee-oekonomierat-rupprecht-trocken-bockenheimer-qualitaetswein-075l","status":"publish","type":"product","link":"https:\/\/weingut-woehrle.de\/shop\/produkt\/2023er-cuvee-oekonomierat-rupprecht-trocken-bockenheimer-qualitaetswein-075l\/","title":{"rendered":"<br>2023er Cuv\u00e9e \u00d6konomierat Rupprecht trocken<br>              Bockenheimer Qualit\u00e4tswein   0,75l<br>"},"content":{"rendered":"\n<div align=\"left\"><font size=\"-1\"><br \/><\/font><\/div>\n<p><\/p>\n<table WIDTH=\"60%\" BORDER=\"0\" align=\"left\" CELLPADDING=\"0\" CELLSPACING=\"0\"><\/p>\n<tr><\/p>\n<td width=\"53%\"><font size=\"-1\">Artikelnummer:<\/font><\/td>\n<td width=\"47%\"><font size=\"-1\"><strong>2391<\/strong><\/font><\/td>\n<p><\/tr>\n<tr><\/p>\n<td><font size=\"-1\">Inhalt<\/font><\/td>\n<td><font size=\"-1\"><strong>0,75 Ltr.<\/strong><\/font><\/td>\n<p><\/tr>\n<tr ALIGN=\"LEFT\"><\/p>\n<td><font size=\"-1\">Preis\/Ltr.<\/font><\/td>\n<td><font size=\"-1\"><strong>16,00 EUR pro Ltr.<\/strong><\/font><\/td>\n<p><\/tr>\n<tr><\/p>\n<td><font size=\"-1\">Weinart:<\/font><\/td>\n<td><font size=\"-1\"><strong>Rotwein<\/strong><\/font><\/td>\n<p><\/tr>\n<tr><\/p>\n<td><font size=\"-1\">Qualit&auml;tsstufe<\/font><\/td>\n<td><font size=\"-1\"><strong>Qualit\u00e4tswein<\/strong><\/font><\/td>\n<p><\/tr>\n<tr><\/p>\n<td><font size=\"-1\">Rebsorte<\/font><\/td>\n<td><font size=\"-1\"><strong>Cuv\u00e9e<\/strong><\/font><\/td>\n<p><\/tr>\n<tr>  <\/p>\n<td><font size=\"-1\">Restzuckergehalt<\/font><\/td>\n<p>  <\/p>\n<td><font size=\"-1\"><strong>0,2 g\/Ltr.<\/strong><\/font><\/td>\n<p><\/tr>\n<p><\/p>\n<tr><\/p>\n<td><font size=\"-1\">Alkoholgehalt<\/font><\/td>\n<td><font size=\"-1\"><strong>13,5 Vol. %<\/strong><\/font><\/td>\n<p><\/tr>\n<p><\/p>\n<tr>\n<td><font size=\"-1\">Bio:<\/font><\/td>\n<td><font size=\"-1\"><strong>JA<\/strong><\/font><\/td>\n<\/tr>\n<p><\/p>\n<tr>\n<td><font size=\"-1\">vegan:<\/font><\/td>\n<td><font size=\"-1\"><strong>JA<\/strong><\/font><\/td>\n<\/tr>\n<p><\/p>\n<tr>\n<td><font size=\"-1\">Ursprungsland:<\/font><\/td>\n<td><font size=\"-1\"><strong>DE-039-\u00d6kokontrollstelle, deutsche Landwirtschaft<\/strong><\/font><\/td>\n<\/tr>\n<p><\/p>\n<tr>\n<td><font size=\"-1\">enth\u00e4lt Allergene:<\/font><\/td>\n<td><font size=\"-1\"><strong>Sulfite<\/strong><\/font><\/td>\n<\/tr>\n<tr><\/p>\n<td><font size=\"-1\">S\u00e4ure:<\/font><\/td>\n<td><font size=\"-1\"><strong>5,2 g\/Ltr.<\/strong><\/font><\/td>\n<p><\/tr>\n<\/table>\n<p>&nbsp;<\/p>\n<p><\/p>\n<p>&nbsp;<\/p>\n<p><\/p>\n<p>&nbsp;<\/p>\n<p><\/p>\n<p><font size=\"-1\">enth\u00e4lt Sulfite<\/font><\/p>\n","protected":false},"excerpt":{"rendered":"<p>Artikelnummer: 2391 Inhalt 0,75 Ltr. Preis\/Ltr. 16,00 EUR pro Ltr. Weinart: Rotwein Qualit&auml;tsstufe Qualit\u00e4tswein Rebsorte Cuv\u00e9e Restzuckergehalt 0,2 g\/Ltr. Alkoholgehalt 13,5 Vol. % Bio: JA vegan: JA Ursprungsland: DE-039-\u00d6kokontrollstelle, deutsche Landwirtschaft enth\u00e4lt Allergene: Sulfite S\u00e4ure: 5,2 g\/Ltr. &nbsp; &nbsp; &nbsp; enth\u00e4lt Sulfite<\/p>\n","protected":false},"featured_media":28488,"comment_status":"open","ping_status":"closed","template":"","meta":[],"product_brand":[],"product_cat":[2601,2616],"product_tag":[],"class_list":{"0":"post-28489","1":"product","2":"type-product","3":"status-publish","4":"has-post-thumbnail","6":"product_cat-02-rotweine","7":"product_cat-cuvee","9":"first","10":"instock","11":"taxable","12":"shipping-taxable","13":"purchasable","14":"product-type-simple"},"_links":{"self":[{"href":"https:\/\/weingut-woehrle.de\/shop\/wp-json\/wp\/v2\/product\/28489","targetHints":{"allow":["GET"]}}],"collection":[{"href":"https:\/\/weingut-woehrle.de\/shop\/wp-json\/wp\/v2\/product"}],"about":[{"href":"https:\/\/weingut-woehrle.de\/shop\/wp-json\/wp\/v2\/types\/product"}],"replies":[{"embeddable":true,"href":"https:\/\/weingut-woehrle.de\/shop\/wp-json\/wp\/v2\/comments?post=28489"}],"wp:featuredmedia":[{"embeddable":true,"href":"https:\/\/weingut-woehrle.de\/shop\/wp-json\/wp\/v2\/media\/28488"}],"wp:attachment":[{"href":"https:\/\/weingut-woehrle.de\/shop\/wp-json\/wp\/v2\/media?parent=28489"}],"wp:term":[{"taxonomy":"product_brand","embeddable":true,"href":"https:\/\/weingut-woehrle.de\/shop\/wp-json\/wp\/v2\/product_brand?post=28489"},{"taxonomy":"product_cat","embeddable":true,"href":"https:\/\/weingut-woehrle.de\/shop\/wp-json\/wp\/v2\/product_cat?post=28489"},{"taxonomy":"product_tag","embeddable":true,"href":"https:\/\/weingut-woehrle.de\/shop\/wp-json\/wp\/v2\/product_tag?post=28489"}],"curies":[{"name":"wp","href":"https:\/\/api.w.org\/{rel}","templated":true}]}}